{"id":3727,"date":"2025-09-08T09:51:14","date_gmt":"2025-09-08T09:51:14","guid":{"rendered":"http:\/\/wordpresslms.wpengine.com\/demo-3\/?page_id=3727"},"modified":"2025-09-08T17:58:01","modified_gmt":"2025-09-08T17:58:01","slug":"home-3","status":"publish","type":"page","link":"https:\/\/galiden.com\/","title":{"rendered":"Accueil"},"content":{"rendered":"<div class=\"wpb-content-wrapper\"><p>[vc_row full_width=&#8221;stretch_row&#8221; full_height=&#8221;yes&#8221; columns_placement=&#8221;stretch&#8221; parallax=&#8221;content-moving&#8221; parallax_image=&#8221;14265&#8243; overlay_color=&#8221;rgba(10,10,10,0.5)&#8221; el_class=&#8221;thim-header-slider-3&#8243;][vc_column]<div class=\"thim-sc-text-box style-4 size-default \">\n\t        <div class=\"title-1\">Enseigner,<br \/>\napprendre,<br \/>\ngrandir ensemble.<\/div>\n\t\n\t        <div class=\"title-2\"><p>De la petite enfance \u00e0 la formation des adultes,<br \/>\nNous faisons grandir les talents,<br \/>\nD\u00e9veloppons les comp\u00e9tences et pr\u00e9parons l\u2019avenir.<\/p>\n<\/div>\n\t\n\t<a href=\"https:\/\/coursebuilder.thimpress.com\/demo-elearning-2\/\" target=\"_blank\" class=\"btn btn-default\"><span class=\"text\">D\u00e9couvrez tout<\/span><\/a><\/div>\n[\/vc_column][\/vc_row][vc_row full_width=&#8221;stretch_row&#8221; overlay_color=&#8221;#B1A6A680&#8243;][vc_column width=&#8221;1\/3&#8243;][vc_single_image image=&#8221;14227&#8243; img_size=&#8221;960*800&#8243; css=&#8221;.vc_custom_1757339949482{border-radius: 2px !important;}&#8221;][vc_text_separator title=&#8221;NOS EAJE : APPRENDRE ET S&#8217;\u00c9PANOUIR&#8221; color=&#8221;green&#8221; css=&#8221;&#8221;][vc_column_text css=&#8221;&#8221;]N\u00e9e de la volont\u00e9 de promouvoir les valeurs socioculturelles et de contribuer \u00e0 l\u2019\u00e9ducation des enfants, Galiden place l\u2019\u00e9panouissement des tout-petits au c\u0153ur de ses actions.<\/p>\n<p>Nous offrons des espaces s\u00e9curis\u00e9s, stimulants et bienveillants, o\u00f9 chaque enfant peut apprendre, jouer et s\u2019\u00e9panouir pleinement.<\/p>\n<p><strong data-start=\"686\" data-end=\"747\">Galiden, l\u00e0 o\u00f9 grandir rime avec apprendre et s\u2019\u00e9panouir.<\/strong>[\/vc_column_text][vc_btn title=&#8221;D\u00e9couvrez nos \u00e9tablissements&#8221; color=&#8221;success&#8221; align=&#8221;center&#8221; css=&#8221;&#8221; button_block=&#8221;true&#8221;][\/vc_column][vc_column width=&#8221;1\/3&#8243;][vc_single_image image=&#8221;14235&#8243; img_size=&#8221;960*800&#8243; css=&#8221;&#8221;][vc_text_separator title=&#8221;NOS FORMATIONS&#8221; color=&#8221;blue&#8221; css=&#8221;&#8221;][vc_column_text css=&#8221;&#8221;]<\/p>\n<p data-start=\"89\" data-end=\"339\">Chez Galiden, nous croyons que l\u2019\u00e9ducation se construit \u00e0 tous les \u00e2ges.<br data-start=\"165\" data-end=\"168\" \/>Nous accueillons les enfants dans nos cr\u00e8ches pour favoriser leur \u00e9veil et leur d\u00e9veloppement, et nous accompagnons les adultes dans leur parcours de formation :<\/p>\n<ul data-start=\"340\" data-end=\"478\">\n<li data-start=\"340\" data-end=\"395\">\n<p data-start=\"342\" data-end=\"395\">CAP AEPE (Accompagnant \u00c9ducatif Petite Enfance)<\/p>\n<\/li>\n<li data-start=\"396\" data-end=\"440\">\n<p data-start=\"398\" data-end=\"440\">ADVF (Assistant de Vie aux Familles)<\/p>\n<\/li>\n<li data-start=\"441\" data-end=\"461\">\n<p data-start=\"443\" data-end=\"461\">Informatique<\/p>\n<\/li>\n<li data-start=\"462\" data-end=\"478\">\n<p data-start=\"464\" data-end=\"478\">Fran\u00e7ais<\/p>\n<\/li>\n<\/ul>\n<p>[\/vc_column_text][vc_btn title=&#8221;Notre offre formations&#8221; color=&#8221;primary&#8221; align=&#8221;center&#8221; css=&#8221;&#8221; button_block=&#8221;true&#8221;][\/vc_column][vc_column width=&#8221;1\/3&#8243;][vc_single_image image=&#8221;14240&#8243; img_size=&#8221;960*800&#8243; css=&#8221;&#8221;][vc_text_separator title=&#8221;APPRENDRE ET S&#8217;\u00c9PANOUIR&#8221; color=&#8221;juicy_pink&#8221; css=&#8221;&#8221;][vc_column_text css=&#8221;&#8221;]Chez Galiden, nous mettons notre expertise au service des porteurs de projets et des professionnels de la petite enfance.<\/p>\n<p data-start=\"206\" data-end=\"407\">Nous accompagnons les structures \u00e0 chaque \u00e9tape de leur d\u00e9veloppement:<\/p>\n<p data-start=\"206\" data-end=\"407\">De la cr\u00e9ation de leur \u00e9tablissement d&#8217;accueil du jeune enfant (EAJE) \u00e0 la cr\u00e9ation des outils num\u00e9riques (applications et sites) pour simplifier leur gestion au quotidien.<\/p>\n<p>[\/vc_column_text][vc_btn title=&#8221;Nos outils d&#8217;accompagnement&#8221; color=&#8221;pink&#8221; align=&#8221;center&#8221; css=&#8221;&#8221; button_block=&#8221;true&#8221;][\/vc_column][\/vc_row][vc_row full_width=&#8221;stretch_row&#8221;][vc_column][vc_empty_space height=&#8221;18px&#8221;][vc_wp_text el_class=&#8221;thim-textbox&#8221;]<\/p>\n<p class=\"sub-title\" style=\"text-align: center;\">\u00a0QU&#8217;ATTENDEZ-VOUS?<\/p>\n<h3 class=\"title\" style=\"text-align: center;\">Partageons la m\u00eame mission : accompagner les enfants et transformer l\u2019avenir, jour apr\u00e8s jour.<\/h3>\n<p>[\/vc_wp_text][vc_empty_space height=&#8221;60px&#8221;]<div\n        class=\"thim-sc-button  show-separator center\">\n\t        <a href=\"#\" target=\"_self\"\n           class=\"btn btn-primary btn-lg\">\n            <span class=\"text\">Rejoignez-nous en un clic<\/span>\n        <\/a>\n\t<\/div>\n[vc_empty_space height=&#8221;60px&#8221;][\/vc_column][\/vc_row]<\/p>\n<\/div>","protected":false},"excerpt":{"rendered":"<p>[vc_row full_width=&#8221;stretch_row&#8221; full_height=&#8221;yes&#8221; columns_placement=&#8221;stretch&#8221; parallax=&#8221;content-moving&#8221; parallax_image=&#8221;14265&#8243; overlay_color=&#8221;rgba(10,10,10,0.5)&#8221; el_class=&#8221;thim-header-slider-3&#8243;][vc_column][\/vc_column][\/vc_row][vc_row full_width=&#8221;stretch_row&#8221; overlay_color=&#8221;#B1A6A680&#8243;][vc_column width=&#8221;1\/3&#8243;][vc_single_image image=&#8221;14227&#8243; img_size=&#8221;960*800&#8243; css=&#8221;.vc_custom_1757339949482{border-radius: 2px !important;}&#8221;][vc_text_separator title=&#8221;NOS EAJE : APPRENDRE ET S&#8217;\u00c9PANOUIR&#8221; color=&#8221;green&#8221; css=&#8221;&#8221;][vc_column_text css=&#8221;&#8221;]N\u00e9e de la volont\u00e9 de promouvoir les valeurs socioculturelles et de contribuer \u00e0 l\u2019\u00e9ducation des enfants, Galiden place l\u2019\u00e9panouissement des tout-petits au c\u0153ur de ses actions&#8230;.<\/p>\n","protected":false},"author":1,"featured_media":0,"parent":0,"menu_order":0,"comment_status":"closed","ping_status":"closed","template":"templates\/home-page.php","meta":{"footnotes":""},"class_list":["post-3727","page","type-page","status-publish","hentry"],"_links":{"self":[{"href":"https:\/\/galiden.com\/index.php\/wp-json\/wp\/v2\/pages\/3727","targetHints":{"allow":["GET"]}}],"collection":[{"href":"https:\/\/galiden.com\/index.php\/wp-json\/wp\/v2\/pages"}],"about":[{"href":"https:\/\/galiden.com\/index.php\/wp-json\/wp\/v2\/types\/page"}],"author":[{"embeddable":true,"href":"https:\/\/galiden.com\/index.php\/wp-json\/wp\/v2\/users\/1"}],"replies":[{"embeddable":true,"href":"https:\/\/galiden.com\/index.php\/wp-json\/wp\/v2\/comments?post=3727"}],"version-history":[{"count":9,"href":"https:\/\/galiden.com\/index.php\/wp-json\/wp\/v2\/pages\/3727\/revisions"}],"predecessor-version":[{"id":14266,"href":"https:\/\/galiden.com\/index.php\/wp-json\/wp\/v2\/pages\/3727\/revisions\/14266"}],"wp:attachment":[{"href":"https:\/\/galiden.com\/index.php\/wp-json\/wp\/v2\/media?parent=3727"}],"curies":[{"name":"wp","href":"https:\/\/api.w.org\/{rel}","templated":true}]}}